{"id":25,"date":"2020-02-09T17:42:41","date_gmt":"2020-02-09T17:42:41","guid":{"rendered":"http:\/\/pixelpunkt.com\/?page_id=25"},"modified":"2023-11-13T17:27:35","modified_gmt":"2023-11-13T17:27:35","slug":"leistungen","status":"publish","type":"page","link":"https:\/\/pixelpunkt.com\/?page_id=25","title":{"rendered":"Leistungen"},"content":{"rendered":"\n<p><strong>Service rund um das INTERNET<\/strong><\/p>\n\n\n\n<p><strong>KONZEPTION UND BERATUNG<\/strong><\/p>\n\n\n\n<p>Gemeinsam mit Ihnen \u00fcberlegen wir, wie Sie Ihr Unternehmen am besten im Internet pr\u00e4sentieren. Wir beraten Sie, wie Sie Ihre Waren oder Dienstleistungen im Internet verkaufen k\u00f6nnen. Wir zeigen Ihnen, wie Sie das Internet am besten f\u00fcr Ihren Erfolg und zum Vorteil Ihrer Kunden nutzen k\u00f6nnen. <\/p>\n\n\n\n<p><strong>ENTWICKLUNG<\/strong><\/p>\n\n\n\n<p>Je nach Zielsetzung erstellen wir Ihre Internet Seiten mit Standard-HTML und wenigen grafischen Elementen. Diese Seiten haben kurze Ladezeiten und sind vor allem zur reinen Informations\u00fcbermittlung gedacht.<\/p>\n\n\n\n<p>Mit modernen Techniken f\u00fcr dynamische Websites arbeiten wir, wenn der Besucher vor allem \u00fcber die optische Gestaltung angesprochen werden soll.<\/p>\n\n\n\n<p>Interaktive Elemente verwenden wir, um es dem Benutzer leicht zu machen, mit Ihnen Kontakt aufzunehmen bzw. um W\u00fcnsche oder Bestellungen an Sie zu \u00fcbermitteln.<\/p>\n\n\n\n<p>Online-Shops programmieren wir mit serverbasierten Scriptsprachen, um h\u00f6chstm\u00f6gliche Betriebssicherheit und eine komfortable Bedienung zu gew\u00e4hrleisten.<\/p>\n\n\n\n<p><strong>TECHNIK<\/strong><\/p>\n\n\n\n<p>HTML, CSS, JAVA-Script, PHP, MySQL, SSL \u2026<br> sind Begriffe, mit denen Sie sich nicht belasten sollen, die f\u00fcr uns aber zum Handwerkszeug geh\u00f6ren. <\/p>\n\n\n\n<p><strong>DOMAINANMELDUNG<\/strong><\/p>\n\n\n\n<p>Wir beraten Sie bei der Wahl Ihres Domain-Namens, d.h. Ihrer Adresse im Internet. Wir k\u00fcmmern uns um die Registrierung Ihrer Domain.<\/p>\n\n\n\n<p><strong>WEBPROMOTION<\/strong><\/p>\n\n\n\n<p>Damit Ihr Kunde die Seiten im Internet auch findet, melden wir diese individuell bei allen wichtigen Suchmaschinen an. Vorher erfolgt eine Optimierung der Inhalte, um h\u00f6chstm\u00f6gliche Trefferquoten in den Suchmaschinenergebnissen zu erzielen.<\/p>\n\n\n\n<p><strong>UND DANACH ?<\/strong><\/p>\n\n\n\n<p>\u2026 sind wir gern weiter f\u00fcr Sie da. Sei es, um ihre Seiten immer auf dem aktuellsten Stand zu halten, um mit regelm\u00e4\u00dfigen Neuigkeiten das Interesse Ihrer Kunden aufrechtzuerhalten oder auch nur, um gelegentliche \u00c4nderungen vorzunehmen.<br> <\/p>\n","protected":false},"excerpt":{"rendered":"<p>Service rund um das INTERNET KONZEPTION UND BERATUNG Gemeinsam mit Ihnen \u00fcberlegen wir, wie Sie Ihr Unternehmen am besten im Internet pr\u00e4sentieren. Wir beraten Sie, wie Sie Ihre Waren oder Dienstleistungen im Internet verkaufen k\u00f6nnen. Wir zeigen Ihnen, wie Sie das Internet am besten f\u00fcr Ihren Erfolg und zum Vorteil Ihrer Kunden nutzen k\u00f6nnen. ENTWICKLUNG [&hellip;]<\/p>\n","protected":false},"author":1,"featured_media":0,"parent":0,"menu_order":0,"comment_status":"closed","ping_status":"closed","template":"","meta":[],"_links":{"self":[{"href":"https:\/\/pixelpunkt.com\/index.php?rest_route=\/wp\/v2\/pages\/25"}],"collection":[{"href":"https:\/\/pixelpunkt.com\/index.php?rest_route=\/wp\/v2\/pages"}],"about":[{"href":"https:\/\/pixelpunkt.com\/index.php?rest_route=\/wp\/v2\/types\/page"}],"author":[{"embeddable":true,"href":"https:\/\/pixelpunkt.com\/index.php?rest_route=\/wp\/v2\/users\/1"}],"replies":[{"embeddable":true,"href":"https:\/\/pixelpunkt.com\/index.php?rest_route=%2Fwp%2Fv2%2Fcomments&post=25"}],"version-history":[{"count":7,"href":"https:\/\/pixelpunkt.com\/index.php?rest_route=\/wp\/v2\/pages\/25\/revisions"}],"predecessor-version":[{"id":284,"href":"https:\/\/pixelpunkt.com\/index.php?rest_route=\/wp\/v2\/pages\/25\/revisions\/284"}],"wp:attachment":[{"href":"https:\/\/pixelpunkt.com\/index.php?rest_route=%2Fwp%2Fv2%2Fmedia&parent=25"}],"curies":[{"name":"wp","href":"https:\/\/api.w.org\/{rel}","templated":true}]}}